{"id":3262,"date":"2018-11-12T15:56:14","date_gmt":"2018-11-12T17:56:14","guid":{"rendered":"https:\/\/morrodesaopaulo.com.br\/termos-de-uso\/"},"modified":"2020-05-11T19:23:42","modified_gmt":"2020-05-11T22:23:42","slug":"terms-of-use","status":"publish","type":"page","link":"https:\/\/morrodesaopaulo.com.br\/en\/terms-of-use\/","title":{"rendered":"Terms of use"},"content":{"rendered":"<p><img decoding=\"async\" src=\"https:\/\/morrodesaopaulo.com.br\/wp-content\/uploads\/2018\/12\/topo-termos-morro-sao-paulo.png\" alt=\"topo-termos-morro-sao-paulo\"\/><\/p>\n<p>center<\/p>\n<h2 class=\"destaque\">Terms of use<\/h2>\n<p>center<\/p>\n<p>no-repeat;left top;;<\/p>\n<p>auto<\/p>\n<h2 class=\"destaque\">TERMS OF USE OF THE SITE<\/h2>\n<h5> www.morrodesaopaulo.com.br <\/h5>\n<h5><span class=\"destaque\">1.<\/span> By browsing or interacting on this site, the user automatically agree to the terms of use specified herein.<\/h5>\n<h5><span class=\"destaque\">2.<\/span> This site is controlled by the company Morro Bahia MEI, owner of the domain morrodesaopaulo.com.br and its team established in Brazil and governed by Brazilian laws, being in accordance with the Consumer Code and Decree 7962\/13 and with the Law 12.965 \/ 2014 (Civil Mark) although it can be seen in other countries.<\/h5>\n<h5><span class=\"destaque\">3.<\/span> This site was designed for people with domicile in Brazil and the information related to products and services are applicable only to that country.<\/h5>\n<h2 class=\"destaque\">SITE INFORMATION<\/h2>\n<h5><span class=\"destaque\">4.<\/span> The information provided here is based on the research of the site staff or collaborators and the advertisers who provide the information. <\/h5>\n<h5><span class=\"destaque\">5.<\/span> All the establishments and companies advertised in the site, specifically in the pages of Lodging, How to Get There, Holiday Rental, List of Restaurants, Services, Shops, Real-estates, Tours, Party, and any other advertisement are paid or courtesy. <\/h5>\n<h5><span class=\"destaque\">6.<\/span> The site is not responsible for the products and services offered. The site declares that it has been remunerated to publish material relating product or service in the form of ads.<\/h5>\n<h5><span class=\"destaque\">7.<\/span> All banner ads posted in the site are remunerated, directly or indirectly.<\/h5>\n<h2 class=\"destaque\">USER&#8217;S WEBSITE BEHAVIOR<\/h2>\n<h5><span class=\"destaque\">9.<\/span> Users can express ideas and opinions through comments, or insert content when this is allowed<\/h5>\n<h5><span class=\"destaque\">10.<\/span> There is a lot of content specially produced about demands on Morro de S\u00e3o Paulo. Before asking a question, do a search in our pages to find answers related.<\/h5>\n<h5><span class=\"destaque\">11.<\/span> Users are solely responsible for their comments, which must respect moral, ethics, standards and rights of third parties, as well as national legislation in force.<\/h5>\n<h5><span class=\"destaque\">12.<\/span> Rules of behavior that should be observed by users when interacting on the site<\/h5>\n<h5>\u2022\t<span class=\"destaque\">12.1.<\/span> RESPECT. Comments containing offenses to the site, its authors, the cited marks or users and other visitors of the site, bed words or insults, will be deleted and the user may be excluded from the site and have IP blocked to access the site.<\/h5>\n<h5>\u2022\t<span class=\"destaque\">12.2.<\/span> ANONIMATE PROHIBITION. Brazilian law prohibits anonymity, therefore anonymous comments or fakes issued from the same IP will not be accepted &#8211; by incurring such conduct the user will be excluded from the website and will have IP blocked for access to the site.<\/h5>\n<h5>\u2022\t<span class=\"destaque\">12.3.<\/span> PROPAGANDA PROHIBITION. Comment containing ads or advertising of any kind (even request for contest votes) will be deleted and the user may be excluded, and may have IP blocked to access the site.<\/p>\n<\/h5>\n<h5>\u2022\t<span class=\"destaque\">12.4.<\/span> The site www.morrodesaopaulo.com.br and its team reserve the right to exclude any content of user that they deem inappropriate or that conflicts with the dispositions described herein.<\/h5>\n<h2 class=\"destaque\">COPYRIGHT<\/h2>\n<h5><span class=\"destaque\">13.<\/span> All copyrights, as well as other intellectual property rights with respect to all texts, images, sounds, software and other materials on this site are property of Morro Bahia MEI or are included herein with permission of the corresponding owner.<\/h5>\n<h5><span class=\"destaque\">14.<\/span> You may browse the site, share and reproduce parts of the content by printing, copy to a hard disk and distribute to other persons, in all such cases only for information purposes and provided above copyright notice (item 13.) appears in all such reprints. No reproduction of any part of this website may be sold or distributed in exchange for commercial gain, nor may it be modified or incorporated into any other work or publication, either in printed copy or electronic format, including sending to any other site. No other license or right is granted to users.<\/h5>\n<h5><span class=\"destaque\">15.<\/span> According to law, only small parts of posts, showing the authorship and referring to the link of the original post, may be used by third parties.<\/h5>\n<h5><span class=\"destaque\">16.<\/span> Since the existence of identical parts and the same post name may cause great damage to the owners of the domain (such as penalization in indexing in search sites) IS STRICTLY PROHIBITED THE USE OF PORTIONS OF POST IN blogs or websites aggregators of content, ON THE RIGHT of violation of art. 46 VIII of Law 9610\/96. ATTENTION, THE USE OF POSTS IN AGGREGATOR SITES MAY, ACCORDING TO THE CASE, ESTABLISH CRIME OR UNFAIR COMPETITION.<\/h5>\n<h5><span class=\"destaque\">17.<\/span> This website was prepared in accordance with Brazilian laws, based on the principle of loyalty, respecting the copyrights of others. However, despite the fact that so much precautions have been taken, the internet system sometimes provides the event of misrepresentation of copyright ownership. In case you are the copyright holder of some content inserted here, and you have felt damaged, please contact us by mailing to <a href=\"mailto:contato@morrodesaopaulo.com.br\"><span class=\"destaque\"> contato@morrodesaopaulo.com.br<\/span><\/a> and we remove it immediately.<\/h5>\n<h2 class=\"destaque\">PRIVACY POLICY<\/h2>\n<h5><span class=\"destaque\">18.<\/span> The website www.morrodesaopaulo.com.br  will not collect, use or disclose your personal information without your consent. We request your consent explicitly in most requests. However, in some cases we may admit that the consent was given tacitly from actions and behaviors.<\/h5>\n<h5><span class=\"destaque\">19.<\/span> In some cases, we may request that further consent be given to us should we need to use your personal information for purposes not covered by this Privacy Policy. You are not required to give such consent, but your participation in some activities may be restricted.<\/h5>\n<h5><span class=\"destaque\">20.<\/span> We urge you not to use the site www.morrodesaopaulo.com.br  if you do not agree that your personal information is collected, used and disclosed in this way.<\/h5>\n<h5><span class=\"destaque\">21.<\/span> By signing up for the service &#8216;sign up your e-mail and receive News, first hand, from Morro de S\u00e3o Paulo&#8217; you are automatically agreeing to the newsletter submission of what may or may not contain advertising of the site&#8217;s partner (soft opt in).<\/h5>\n<h5><span class=\"destaque\">22.<\/span> The site uses cookies, since Google Analytics uses cookies and is our chosen tool for acquiring user navigation data in the application.<\/h5>\n<h5><span class=\"destaque\">23.<\/span> Cookies are also used to record participant&#8217;s session and for persistent user data while using the site.<\/h5>\n<h5><span class=\"destaque\">24.<\/span> We use personal data only to identify users in their public comments on the site and they will be stored in a secure file, observing the state of the available ethnicity, and will only be accessed by qualified people authorized by the site. Since no security system is absolutely safe, www.morrodesaopaulo.com.br  disclaims any responsibility for any damages or losses arising from failures, viruses or invasions of the application database, except in cases of fraud or guilt for such events.<\/h5>\n<h5><span class=\"destaque\">25.<\/span> Any doubt regarding this action may be sent to the email  <a href=\"mailto:contato@morrodesaopaulo.com.br\"> <span class=\"destaque\">contato@morrodesaopaulo.com.br<\/span><\/a><\/h5>\n<h5><span class=\"destaque\">26.<\/span> You have the right to:<\/h5>\n<h5>\u2022\tno longer wish to be contacted by us;<\/h5>\n<h5>\u2022\trequest a copy of the personal information we have about you;<\/h5>\n<h5>\u2022\tto request changes in registration data or even to request deletion of your data in the register;<\/h5>\n<h5>\u2022\tto inform about any improper use of your personal information;<\/h5>\n<h5>\u2022\tto require the exclusion of your data from our records;<\/h5>\n<h5><span class=\"destaque\">27.<\/span> Changes to our Privacy Policy &#8211; We may change these Terms of Use and Privacy Policy from time to time by posting updated version at www.morrodesaopaulo.com.br . We notify you of any significant changes. It is recommended visit our site regularly to be informed about changes to the Privacy Policy and Terms of Use.<\/h5>\n<p>left<\/p>\n<p>no-repeat;left top;;<\/p>\n<p>auto<\/p>\n","protected":false},"excerpt":{"rendered":"<p>center Terms of use center no-repeat;left top;; auto TERMS OF USE OF THE SITE www.morrodesaopaulo.com.br 1. By browsing or interacting on this site, the user automatically<span class=\"excerpt-hellip\"> [\u2026]<\/span><\/p>\n","protected":false},"author":3,"featured_media":0,"parent":0,"menu_order":0,"comment_status":"closed","ping_status":"closed","template":"","meta":{"_acf_changed":false,"footnotes":""},"class_list":["post-3262","page","type-page","status-publish","hentry"],"acf":[],"yoast_head":"<!-- This site is optimized with the Yoast SEO plugin v26.7 - https:\/\/yoast.com\/wordpress\/plugins\/seo\/ -->\n<title>Terms of use | Morro de S\u00e3o Paulo | The Morro de S\u00e3o Paulo website<\/title>\n<meta name=\"description\" content=\"By using or accessing the morrodesaopaulo.com.br website you acknowledge that you agree and are subject to the following terms and conditions\" \/>\n<meta name=\"robots\" content=\"index, follow, max-snippet:-1, max-image-preview:large, max-video-preview:-1\" \/>\n<link rel=\"canonical\" href=\"https:\/\/morrodesaopaulo.com.br\/en\/terms-of-use\/\" \/>\n<meta property=\"og:locale\" content=\"en_US\" \/>\n<meta property=\"og:type\" content=\"article\" \/>\n<meta property=\"og:title\" content=\"Terms of use | Morro de S\u00e3o Paulo | The Morro de S\u00e3o Paulo website\" \/>\n<meta property=\"og:description\" content=\"By using or accessing the morrodesaopaulo.com.br website you acknowledge that you agree and are subject to the following terms and conditions\" \/>\n<meta property=\"og:url\" content=\"https:\/\/morrodesaopaulo.com.br\/en\/terms-of-use\/\" \/>\n<meta property=\"og:site_name\" content=\"Morro de S\u00e3o Paulo | O site mais completo sobre Morro de S\u00e3o Paulo\" \/>\n<meta property=\"article:publisher\" content=\"https:\/\/www.facebook.com\/morrodesaopaulocombr\/\" \/>\n<meta property=\"article:modified_time\" content=\"2020-05-11T22:23:42+00:00\" \/>\n<meta property=\"og:image\" content=\"https:\/\/morrodesaopaulo.com.br\/wp-content\/uploads\/2018\/12\/topo-termos-morro-sao-paulo.png\" \/>\n<meta name=\"twitter:card\" content=\"summary_large_image\" \/>\n<meta name=\"twitter:site\" content=\"@morrobahia\" \/>\n<meta name=\"twitter:label1\" content=\"Est. reading time\" \/>\n\t<meta name=\"twitter:data1\" content=\"6 minutes\" \/>\n<script type=\"application\/ld+json\" class=\"yoast-schema-graph\">{\"@context\":\"https:\/\/schema.org\",\"@graph\":[{\"@type\":\"WebPage\",\"@id\":\"https:\/\/morrodesaopaulo.com.br\/en\/terms-of-use\/\",\"url\":\"https:\/\/morrodesaopaulo.com.br\/en\/terms-of-use\/\",\"name\":\"Terms of use | Morro de S\u00e3o Paulo | The Morro de S\u00e3o Paulo website\",\"isPartOf\":{\"@id\":\"https:\/\/morrodesaopaulo.com.br\/#website\"},\"primaryImageOfPage\":{\"@id\":\"https:\/\/morrodesaopaulo.com.br\/en\/terms-of-use\/#primaryimage\"},\"image\":{\"@id\":\"https:\/\/morrodesaopaulo.com.br\/en\/terms-of-use\/#primaryimage\"},\"thumbnailUrl\":\"https:\/\/morrodesaopaulo.com.br\/wp-content\/uploads\/2018\/12\/topo-termos-morro-sao-paulo.png\",\"datePublished\":\"2018-11-12T17:56:14+00:00\",\"dateModified\":\"2020-05-11T22:23:42+00:00\",\"description\":\"By using or accessing the morrodesaopaulo.com.br website you acknowledge that you agree and are subject to the following terms and conditions\",\"breadcrumb\":{\"@id\":\"https:\/\/morrodesaopaulo.com.br\/en\/terms-of-use\/#breadcrumb\"},\"inLanguage\":\"en-US\",\"potentialAction\":[{\"@type\":\"ReadAction\",\"target\":[\"https:\/\/morrodesaopaulo.com.br\/en\/terms-of-use\/\"]}]},{\"@type\":\"ImageObject\",\"inLanguage\":\"en-US\",\"@id\":\"https:\/\/morrodesaopaulo.com.br\/en\/terms-of-use\/#primaryimage\",\"url\":\"https:\/\/morrodesaopaulo.com.br\/wp-content\/uploads\/2018\/12\/topo-termos-morro-sao-paulo.png\",\"contentUrl\":\"https:\/\/morrodesaopaulo.com.br\/wp-content\/uploads\/2018\/12\/topo-termos-morro-sao-paulo.png\"},{\"@type\":\"BreadcrumbList\",\"@id\":\"https:\/\/morrodesaopaulo.com.br\/en\/terms-of-use\/#breadcrumb\",\"itemListElement\":[{\"@type\":\"ListItem\",\"position\":1,\"name\":\"In\u00edcio\",\"item\":\"https:\/\/morrodesaopaulo.com.br\/en\/\"},{\"@type\":\"ListItem\",\"position\":2,\"name\":\"Terms of use\"}]},{\"@type\":\"WebSite\",\"@id\":\"https:\/\/morrodesaopaulo.com.br\/#website\",\"url\":\"https:\/\/morrodesaopaulo.com.br\/\",\"name\":\"Morro de S\u00e3o Paulo | O site mais completo sobre Morro de S\u00e3o Paulo\",\"description\":\"Um guia completo sobre Morro de S\u00e3o Paulo. Hot\u00e9is e Pousadas. Como Chegar. Passeios. Transfer. Ag\u00eancias Turismo. Casas para alugar. Restaurantes. Lojas\",\"publisher\":{\"@id\":\"https:\/\/morrodesaopaulo.com.br\/#organization\"},\"potentialAction\":[{\"@type\":\"SearchAction\",\"target\":{\"@type\":\"EntryPoint\",\"urlTemplate\":\"https:\/\/morrodesaopaulo.com.br\/?s={search_term_string}\"},\"query-input\":{\"@type\":\"PropertyValueSpecification\",\"valueRequired\":true,\"valueName\":\"search_term_string\"}}],\"inLanguage\":\"en-US\"},{\"@type\":\"Organization\",\"@id\":\"https:\/\/morrodesaopaulo.com.br\/#organization\",\"name\":\"morrodesaopaulo.com.br\",\"url\":\"https:\/\/morrodesaopaulo.com.br\/\",\"logo\":{\"@type\":\"ImageObject\",\"inLanguage\":\"en-US\",\"@id\":\"https:\/\/morrodesaopaulo.com.br\/#\/schema\/logo\/image\/\",\"url\":\"https:\/\/morrodesaopaulo.com.br\/wp-content\/uploads\/2018\/10\/logo4.jpg\",\"contentUrl\":\"https:\/\/morrodesaopaulo.com.br\/wp-content\/uploads\/2018\/10\/logo4.jpg\",\"width\":286,\"height\":86,\"caption\":\"morrodesaopaulo.com.br\"},\"image\":{\"@id\":\"https:\/\/morrodesaopaulo.com.br\/#\/schema\/logo\/image\/\"},\"sameAs\":[\"https:\/\/www.facebook.com\/morrodesaopaulocombr\/\",\"https:\/\/x.com\/morrobahia\",\"https:\/\/www.instagram.com\/morrodesaopauloba\/\",\"https:\/\/www.youtube.com\/watch?v=k0IEGlOvHVM\"]}]}<\/script>\n<!-- \/ Yoast SEO plugin. -->","yoast_head_json":{"title":"Terms of use | Morro de S\u00e3o Paulo | The Morro de S\u00e3o Paulo website","description":"By using or accessing the morrodesaopaulo.com.br website you acknowledge that you agree and are subject to the following terms and conditions","robots":{"index":"index","follow":"follow","max-snippet":"max-snippet:-1","max-image-preview":"max-image-preview:large","max-video-preview":"max-video-preview:-1"},"canonical":"https:\/\/morrodesaopaulo.com.br\/en\/terms-of-use\/","og_locale":"en_US","og_type":"article","og_title":"Terms of use | Morro de S\u00e3o Paulo | The Morro de S\u00e3o Paulo website","og_description":"By using or accessing the morrodesaopaulo.com.br website you acknowledge that you agree and are subject to the following terms and conditions","og_url":"https:\/\/morrodesaopaulo.com.br\/en\/terms-of-use\/","og_site_name":"Morro de S\u00e3o Paulo | O site mais completo sobre Morro de S\u00e3o Paulo","article_publisher":"https:\/\/www.facebook.com\/morrodesaopaulocombr\/","article_modified_time":"2020-05-11T22:23:42+00:00","og_image":[{"url":"https:\/\/morrodesaopaulo.com.br\/wp-content\/uploads\/2018\/12\/topo-termos-morro-sao-paulo.png","type":"","width":"","height":""}],"twitter_card":"summary_large_image","twitter_site":"@morrobahia","twitter_misc":{"Est. reading time":"6 minutes"},"schema":{"@context":"https:\/\/schema.org","@graph":[{"@type":"WebPage","@id":"https:\/\/morrodesaopaulo.com.br\/en\/terms-of-use\/","url":"https:\/\/morrodesaopaulo.com.br\/en\/terms-of-use\/","name":"Terms of use | Morro de S\u00e3o Paulo | The Morro de S\u00e3o Paulo website","isPartOf":{"@id":"https:\/\/morrodesaopaulo.com.br\/#website"},"primaryImageOfPage":{"@id":"https:\/\/morrodesaopaulo.com.br\/en\/terms-of-use\/#primaryimage"},"image":{"@id":"https:\/\/morrodesaopaulo.com.br\/en\/terms-of-use\/#primaryimage"},"thumbnailUrl":"https:\/\/morrodesaopaulo.com.br\/wp-content\/uploads\/2018\/12\/topo-termos-morro-sao-paulo.png","datePublished":"2018-11-12T17:56:14+00:00","dateModified":"2020-05-11T22:23:42+00:00","description":"By using or accessing the morrodesaopaulo.com.br website you acknowledge that you agree and are subject to the following terms and conditions","breadcrumb":{"@id":"https:\/\/morrodesaopaulo.com.br\/en\/terms-of-use\/#breadcrumb"},"inLanguage":"en-US","potentialAction":[{"@type":"ReadAction","target":["https:\/\/morrodesaopaulo.com.br\/en\/terms-of-use\/"]}]},{"@type":"ImageObject","inLanguage":"en-US","@id":"https:\/\/morrodesaopaulo.com.br\/en\/terms-of-use\/#primaryimage","url":"https:\/\/morrodesaopaulo.com.br\/wp-content\/uploads\/2018\/12\/topo-termos-morro-sao-paulo.png","contentUrl":"https:\/\/morrodesaopaulo.com.br\/wp-content\/uploads\/2018\/12\/topo-termos-morro-sao-paulo.png"},{"@type":"BreadcrumbList","@id":"https:\/\/morrodesaopaulo.com.br\/en\/terms-of-use\/#breadcrumb","itemListElement":[{"@type":"ListItem","position":1,"name":"In\u00edcio","item":"https:\/\/morrodesaopaulo.com.br\/en\/"},{"@type":"ListItem","position":2,"name":"Terms of use"}]},{"@type":"WebSite","@id":"https:\/\/morrodesaopaulo.com.br\/#website","url":"https:\/\/morrodesaopaulo.com.br\/","name":"Morro de S\u00e3o Paulo | O site mais completo sobre Morro de S\u00e3o Paulo","description":"Um guia completo sobre Morro de S\u00e3o Paulo. Hot\u00e9is e Pousadas. Como Chegar. Passeios. Transfer. Ag\u00eancias Turismo. Casas para alugar. Restaurantes. Lojas","publisher":{"@id":"https:\/\/morrodesaopaulo.com.br\/#organization"},"potentialAction":[{"@type":"SearchAction","target":{"@type":"EntryPoint","urlTemplate":"https:\/\/morrodesaopaulo.com.br\/?s={search_term_string}"},"query-input":{"@type":"PropertyValueSpecification","valueRequired":true,"valueName":"search_term_string"}}],"inLanguage":"en-US"},{"@type":"Organization","@id":"https:\/\/morrodesaopaulo.com.br\/#organization","name":"morrodesaopaulo.com.br","url":"https:\/\/morrodesaopaulo.com.br\/","logo":{"@type":"ImageObject","inLanguage":"en-US","@id":"https:\/\/morrodesaopaulo.com.br\/#\/schema\/logo\/image\/","url":"https:\/\/morrodesaopaulo.com.br\/wp-content\/uploads\/2018\/10\/logo4.jpg","contentUrl":"https:\/\/morrodesaopaulo.com.br\/wp-content\/uploads\/2018\/10\/logo4.jpg","width":286,"height":86,"caption":"morrodesaopaulo.com.br"},"image":{"@id":"https:\/\/morrodesaopaulo.com.br\/#\/schema\/logo\/image\/"},"sameAs":["https:\/\/www.facebook.com\/morrodesaopaulocombr\/","https:\/\/x.com\/morrobahia","https:\/\/www.instagram.com\/morrodesaopauloba\/","https:\/\/www.youtube.com\/watch?v=k0IEGlOvHVM"]}]}},"_links":{"self":[{"href":"https:\/\/morrodesaopaulo.com.br\/en\/wp-json\/wp\/v2\/pages\/3262","targetHints":{"allow":["GET"]}}],"collection":[{"href":"https:\/\/morrodesaopaulo.com.br\/en\/wp-json\/wp\/v2\/pages"}],"about":[{"href":"https:\/\/morrodesaopaulo.com.br\/en\/wp-json\/wp\/v2\/types\/page"}],"author":[{"embeddable":true,"href":"https:\/\/morrodesaopaulo.com.br\/en\/wp-json\/wp\/v2\/users\/3"}],"replies":[{"embeddable":true,"href":"https:\/\/morrodesaopaulo.com.br\/en\/wp-json\/wp\/v2\/comments?post=3262"}],"version-history":[{"count":0,"href":"https:\/\/morrodesaopaulo.com.br\/en\/wp-json\/wp\/v2\/pages\/3262\/revisions"}],"wp:attachment":[{"href":"https:\/\/morrodesaopaulo.com.br\/en\/wp-json\/wp\/v2\/media?parent=3262"}],"curies":[{"name":"wp","href":"https:\/\/api.w.org\/{rel}","templated":true}]}}