{"id":4183,"date":"2018-12-01T16:09:33","date_gmt":"2018-12-01T18:09:33","guid":{"rendered":"https:\/\/morrodesaopaulo.com.br\/agencias-de-turismo\/"},"modified":"2020-11-06T11:07:00","modified_gmt":"2020-11-06T13:07:00","slug":"tourism-agencies","status":"publish","type":"page","link":"https:\/\/morrodesaopaulo.com.br\/en\/tourism-agencies\/","title":{"rendered":"Tourism Agencies"},"content":{"rendered":"","protected":false},"excerpt":{"rendered":"","protected":false},"author":3,"featured_media":0,"parent":0,"menu_order":0,"comment_status":"closed","ping_status":"closed","template":"","meta":{"_acf_changed":false,"footnotes":""},"class_list":["post-4183","page","type-page","status-publish","hentry"],"acf":[],"yoast_head":"<!-- This site is optimized with the Yoast SEO plugin v26.7 - https:\/\/yoast.com\/wordpress\/plugins\/seo\/ -->\n<title>Tourism Agencies | Morro de S\u00e3o Paulo | Bahia - Brasil<\/title>\n<meta name=\"description\" content=\"Local travel agencies offer all the expertise to make your trip the way you want it. Plan with those who know the destination well.\" \/>\n<meta name=\"robots\" content=\"index, follow, max-snippet:-1, max-image-preview:large, max-video-preview:-1\" \/>\n<link rel=\"canonical\" href=\"https:\/\/morrodesaopaulo.com.br\/en\/tourism-agencies\/\" \/>\n<meta property=\"og:locale\" content=\"en_US\" \/>\n<meta property=\"og:type\" content=\"article\" \/>\n<meta property=\"og:title\" content=\"Tourism Agencies | Morro de S\u00e3o Paulo | Bahia - Brasil\" \/>\n<meta property=\"og:description\" content=\"Local travel agencies offer all the expertise to make your trip the way you want it. Plan with those who know the destination well.\" \/>\n<meta property=\"og:url\" content=\"https:\/\/morrodesaopaulo.com.br\/en\/tourism-agencies\/\" \/>\n<meta property=\"og:site_name\" content=\"Morro de S\u00e3o Paulo | O site mais completo sobre Morro de S\u00e3o Paulo\" \/>\n<meta property=\"article:publisher\" content=\"https:\/\/www.facebook.com\/morrodesaopaulocombr\/\" \/>\n<meta property=\"article:modified_time\" content=\"2020-11-06T13:07:00+00:00\" \/>\n<meta name=\"twitter:card\" content=\"summary_large_image\" \/>\n<meta name=\"twitter:site\" content=\"@morrobahia\" \/>\n<script type=\"application\/ld+json\" class=\"yoast-schema-graph\">{\"@context\":\"https:\/\/schema.org\",\"@graph\":[{\"@type\":\"WebPage\",\"@id\":\"https:\/\/morrodesaopaulo.com.br\/en\/tourism-agencies\/\",\"url\":\"https:\/\/morrodesaopaulo.com.br\/en\/tourism-agencies\/\",\"name\":\"Tourism Agencies | Morro de S\u00e3o Paulo | Bahia - Brasil\",\"isPartOf\":{\"@id\":\"https:\/\/morrodesaopaulo.com.br\/#website\"},\"datePublished\":\"2018-12-01T18:09:33+00:00\",\"dateModified\":\"2020-11-06T13:07:00+00:00\",\"description\":\"Local travel agencies offer all the expertise to make your trip the way you want it. Plan with those who know the destination well.\",\"breadcrumb\":{\"@id\":\"https:\/\/morrodesaopaulo.com.br\/en\/tourism-agencies\/#breadcrumb\"},\"inLanguage\":\"en-US\",\"potentialAction\":[{\"@type\":\"ReadAction\",\"target\":[\"https:\/\/morrodesaopaulo.com.br\/en\/tourism-agencies\/\"]}]},{\"@type\":\"BreadcrumbList\",\"@id\":\"https:\/\/morrodesaopaulo.com.br\/en\/tourism-agencies\/#breadcrumb\",\"itemListElement\":[{\"@type\":\"ListItem\",\"position\":1,\"name\":\"In\u00edcio\",\"item\":\"https:\/\/morrodesaopaulo.com.br\/en\/\"},{\"@type\":\"ListItem\",\"position\":2,\"name\":\"Tourism Agencies\"}]},{\"@type\":\"WebSite\",\"@id\":\"https:\/\/morrodesaopaulo.com.br\/#website\",\"url\":\"https:\/\/morrodesaopaulo.com.br\/\",\"name\":\"Morro de S\u00e3o Paulo | O site mais completo sobre Morro de S\u00e3o Paulo\",\"description\":\"Um guia completo sobre Morro de S\u00e3o Paulo. Hot\u00e9is e Pousadas. Como Chegar. Passeios. Transfer. Ag\u00eancias Turismo. Casas para alugar. Restaurantes. Lojas\",\"publisher\":{\"@id\":\"https:\/\/morrodesaopaulo.com.br\/#organization\"},\"potentialAction\":[{\"@type\":\"SearchAction\",\"target\":{\"@type\":\"EntryPoint\",\"urlTemplate\":\"https:\/\/morrodesaopaulo.com.br\/?s={search_term_string}\"},\"query-input\":{\"@type\":\"PropertyValueSpecification\",\"valueRequired\":true,\"valueName\":\"search_term_string\"}}],\"inLanguage\":\"en-US\"},{\"@type\":\"Organization\",\"@id\":\"https:\/\/morrodesaopaulo.com.br\/#organization\",\"name\":\"morrodesaopaulo.com.br\",\"url\":\"https:\/\/morrodesaopaulo.com.br\/\",\"logo\":{\"@type\":\"ImageObject\",\"inLanguage\":\"en-US\",\"@id\":\"https:\/\/morrodesaopaulo.com.br\/#\/schema\/logo\/image\/\",\"url\":\"https:\/\/morrodesaopaulo.com.br\/wp-content\/uploads\/2018\/10\/logo4.jpg\",\"contentUrl\":\"https:\/\/morrodesaopaulo.com.br\/wp-content\/uploads\/2018\/10\/logo4.jpg\",\"width\":286,\"height\":86,\"caption\":\"morrodesaopaulo.com.br\"},\"image\":{\"@id\":\"https:\/\/morrodesaopaulo.com.br\/#\/schema\/logo\/image\/\"},\"sameAs\":[\"https:\/\/www.facebook.com\/morrodesaopaulocombr\/\",\"https:\/\/x.com\/morrobahia\",\"https:\/\/www.instagram.com\/morrodesaopauloba\/\",\"https:\/\/www.youtube.com\/watch?v=k0IEGlOvHVM\"]}]}<\/script>\n<!-- \/ Yoast SEO plugin. -->","yoast_head_json":{"title":"Tourism Agencies | Morro de S\u00e3o Paulo | Bahia - Brasil","description":"Local travel agencies offer all the expertise to make your trip the way you want it. Plan with those who know the destination well.","robots":{"index":"index","follow":"follow","max-snippet":"max-snippet:-1","max-image-preview":"max-image-preview:large","max-video-preview":"max-video-preview:-1"},"canonical":"https:\/\/morrodesaopaulo.com.br\/en\/tourism-agencies\/","og_locale":"en_US","og_type":"article","og_title":"Tourism Agencies | Morro de S\u00e3o Paulo | Bahia - Brasil","og_description":"Local travel agencies offer all the expertise to make your trip the way you want it. Plan with those who know the destination well.","og_url":"https:\/\/morrodesaopaulo.com.br\/en\/tourism-agencies\/","og_site_name":"Morro de S\u00e3o Paulo | O site mais completo sobre Morro de S\u00e3o Paulo","article_publisher":"https:\/\/www.facebook.com\/morrodesaopaulocombr\/","article_modified_time":"2020-11-06T13:07:00+00:00","twitter_card":"summary_large_image","twitter_site":"@morrobahia","schema":{"@context":"https:\/\/schema.org","@graph":[{"@type":"WebPage","@id":"https:\/\/morrodesaopaulo.com.br\/en\/tourism-agencies\/","url":"https:\/\/morrodesaopaulo.com.br\/en\/tourism-agencies\/","name":"Tourism Agencies | Morro de S\u00e3o Paulo | Bahia - Brasil","isPartOf":{"@id":"https:\/\/morrodesaopaulo.com.br\/#website"},"datePublished":"2018-12-01T18:09:33+00:00","dateModified":"2020-11-06T13:07:00+00:00","description":"Local travel agencies offer all the expertise to make your trip the way you want it. Plan with those who know the destination well.","breadcrumb":{"@id":"https:\/\/morrodesaopaulo.com.br\/en\/tourism-agencies\/#breadcrumb"},"inLanguage":"en-US","potentialAction":[{"@type":"ReadAction","target":["https:\/\/morrodesaopaulo.com.br\/en\/tourism-agencies\/"]}]},{"@type":"BreadcrumbList","@id":"https:\/\/morrodesaopaulo.com.br\/en\/tourism-agencies\/#breadcrumb","itemListElement":[{"@type":"ListItem","position":1,"name":"In\u00edcio","item":"https:\/\/morrodesaopaulo.com.br\/en\/"},{"@type":"ListItem","position":2,"name":"Tourism Agencies"}]},{"@type":"WebSite","@id":"https:\/\/morrodesaopaulo.com.br\/#website","url":"https:\/\/morrodesaopaulo.com.br\/","name":"Morro de S\u00e3o Paulo | O site mais completo sobre Morro de S\u00e3o Paulo","description":"Um guia completo sobre Morro de S\u00e3o Paulo. Hot\u00e9is e Pousadas. Como Chegar. Passeios. Transfer. Ag\u00eancias Turismo. Casas para alugar. Restaurantes. Lojas","publisher":{"@id":"https:\/\/morrodesaopaulo.com.br\/#organization"},"potentialAction":[{"@type":"SearchAction","target":{"@type":"EntryPoint","urlTemplate":"https:\/\/morrodesaopaulo.com.br\/?s={search_term_string}"},"query-input":{"@type":"PropertyValueSpecification","valueRequired":true,"valueName":"search_term_string"}}],"inLanguage":"en-US"},{"@type":"Organization","@id":"https:\/\/morrodesaopaulo.com.br\/#organization","name":"morrodesaopaulo.com.br","url":"https:\/\/morrodesaopaulo.com.br\/","logo":{"@type":"ImageObject","inLanguage":"en-US","@id":"https:\/\/morrodesaopaulo.com.br\/#\/schema\/logo\/image\/","url":"https:\/\/morrodesaopaulo.com.br\/wp-content\/uploads\/2018\/10\/logo4.jpg","contentUrl":"https:\/\/morrodesaopaulo.com.br\/wp-content\/uploads\/2018\/10\/logo4.jpg","width":286,"height":86,"caption":"morrodesaopaulo.com.br"},"image":{"@id":"https:\/\/morrodesaopaulo.com.br\/#\/schema\/logo\/image\/"},"sameAs":["https:\/\/www.facebook.com\/morrodesaopaulocombr\/","https:\/\/x.com\/morrobahia","https:\/\/www.instagram.com\/morrodesaopauloba\/","https:\/\/www.youtube.com\/watch?v=k0IEGlOvHVM"]}]}},"_links":{"self":[{"href":"https:\/\/morrodesaopaulo.com.br\/en\/wp-json\/wp\/v2\/pages\/4183","targetHints":{"allow":["GET"]}}],"collection":[{"href":"https:\/\/morrodesaopaulo.com.br\/en\/wp-json\/wp\/v2\/pages"}],"about":[{"href":"https:\/\/morrodesaopaulo.com.br\/en\/wp-json\/wp\/v2\/types\/page"}],"author":[{"embeddable":true,"href":"https:\/\/morrodesaopaulo.com.br\/en\/wp-json\/wp\/v2\/users\/3"}],"replies":[{"embeddable":true,"href":"https:\/\/morrodesaopaulo.com.br\/en\/wp-json\/wp\/v2\/comments?post=4183"}],"version-history":[{"count":0,"href":"https:\/\/morrodesaopaulo.com.br\/en\/wp-json\/wp\/v2\/pages\/4183\/revisions"}],"wp:attachment":[{"href":"https:\/\/morrodesaopaulo.com.br\/en\/wp-json\/wp\/v2\/media?parent=4183"}],"curies":[{"name":"wp","href":"https:\/\/api.w.org\/{rel}","templated":true}]}}