{"id":4232,"date":"2018-12-27T18:45:52","date_gmt":"2018-12-27T20:45:52","guid":{"rendered":"https:\/\/morrodesaopaulo.com.br\/politica-de-privacidade\/"},"modified":"2020-04-02T13:32:37","modified_gmt":"2020-04-02T16:32:37","slug":"privacy-policy","status":"publish","type":"page","link":"https:\/\/morrodesaopaulo.com.br\/en\/privacy-policy\/","title":{"rendered":"Privacy Policy"},"content":{"rendered":"<p><img decoding=\"async\" src=\"https:\/\/morrodesaopaulo.com.br\/wp-content\/uploads\/2018\/12\/topo-termos-morro-sao-paulo.png\" alt=\"topo-termos-morro-sao-paulo\"\/><\/p>\n<p>center<\/p>\n<h2 class=\"destaque\">Pol\u00edtica de Privacidade <\/h2>\n<p>center<\/p>\n<p>no-repeat;left top;;<\/p>\n<p>auto<\/p>\n<h5>\n\t\t\tQuando voc\u00ea nos envia um e-mail via contato poderemos coletar as informa\u00e7\u00f5es pessoais que voc\u00ea nos d\u00e1 nos formul\u00e1rios tais como: nome, e-mail e endere\u00e7o.<\/h5>\n<h5>\n\t\t\tQuando voc\u00ea acessa nosso site, tamb\u00e9m recebemos automaticamente o protocolo de internet do seu computador, endere\u00e7o de IP, a fim de obter informa\u00e7\u00f5es que nos ajudam a aprender sobre seu navegador e sistema operacional.<\/h5>\n<h5>\n\t\t\tE-mail Marketing ser\u00e1 realizado apenas caso voc\u00ea permita. Nestes e-mails voc\u00ea poder\u00e1 receber not\u00edcia sobre nosso site, novos servi\u00e7os e outras atualiza\u00e7\u00f5es.<\/h5>\n<h3>Se\u00e7\u00e3o 1 &#8211; Consetimento<\/h3>\n<h5>\n\t\t\t<strong>Como voc\u00eas obt\u00eam meu consentimento?<\/strong><\/h5>\n<h5>\n\t\t\tQuando voc\u00ea fornece informa\u00e7\u00f5es pessoais como nome e e-mail para completar: uma solicita\u00e7\u00e3o, fazer um pedido, providenciar algum servi\u00e7o. Ap\u00f3s a realiza\u00e7\u00e3o de a\u00e7\u00f5es entendemos que voc\u00ea est\u00e1 de acordo com a coleta de dados para serem utilizados pela nossa empresa.<\/h5>\n<h5>\n\t\t\tSe pedimos por suas informa\u00e7\u00f5es pessoais por uma raz\u00e3o secund\u00e1ria, como marketing, vamos lhe pedir diretamente por seu consentimento, ou lhe fornecer a oportunidade de dizer n\u00e3o.<\/h5>\n<h5>\n\t\t\t<strong>E caso voc\u00ea queira retirar seu consentimento, como proceder?<\/strong><\/h5>\n<h5>\n\t\t\tSe ap\u00f3s voc\u00ea nos fornecer seus dados, voc\u00ea mudar de ideia, voc\u00ea pode retirar o seu consentimento para que possamos entrar em contato, para a cole\u00e7\u00e3o de dados cont\u00ednua, uso ou divulga\u00e7\u00e3o de suas informa\u00e7\u00f5es, a qualquer momento, entrando em contato conosco em <strong>contato@morrodesaopaulo.com.br<\/strong><\/h5>\n<h3>\n\t\t\tSe\u00e7\u00e3o 2 &#8211; Divulga\u00e7\u00e3o<\/h3>\n<h5>\n\t\t\tPodemos divulgar suas informa\u00e7\u00f5es pessoais caso sejamos obrigados pela lei para faz\u00ea-lo ou se voc\u00ea violar nossos Termos de Servi\u00e7o.<\/h5>\n<h5>\n\t\t\tNunca divulgaremos, venderemos ou compartilharemos seu endere\u00e7o de email ou outras informa\u00e7\u00f5es usada nos coment\u00e1rios, envio de email de d\u00favidas ou atrav\u00e9s da assinatura da nossa newsletter sem nenhum motivo legal.<\/h5>\n<h3>\n\t\t\tSe\u00e7\u00e3o 3 &#8211; Servi\u00e7os de terceiros<\/h3>\n<h5>\n\t\t\tNo geral, os anunciantes do site ir\u00e3o apenas coletar, usar e divulgar suas informa\u00e7\u00f5es na medida do necess\u00e1rio para permitir que eles realizem os servi\u00e7os que eles mesmo fornecem via link ou informa\u00e7\u00f5es no site. N\u00e3o nos responsabilizados pelos servi\u00e7os contratados com eles.<\/h5>\n<h5>\n\t\t\tEm particular, lembre-se que os prestadores de servi\u00e7o podem ser localizados em ou possuir instala\u00e7\u00f5es que s\u00e3o localizadas em jurisdi\u00e7\u00f5es diferentes que voc\u00ea ou n\u00f3s. Assim, se voc\u00ea quer continuar com uma transa\u00e7\u00e3o que envolve esses servi\u00e7os, ent\u00e3o suas informa\u00e7\u00f5es podem tornar-se sujeitas \u00e0s leis da(s) jurisdi\u00e7\u00e3o(\u00f5es) nas quais o fornecedor de servi\u00e7o ou suas instala\u00e7\u00f5es est\u00e3o localizados.<\/h5>\n<h5>\n\t\t\tUma vez que voc\u00ea deixe o nosso site ou seja redirecionado para um aplicativo ou site de terceiros, voc\u00ea n\u00e3o ser\u00e1 mais regido por essa Pol\u00edtica de Privacidade ou pelos Termos de Servi\u00e7o do nosso site.<\/h5>\n<h5>\n\t\t\t<strong>Links<\/strong<\/h5>\n<h5>\n\t\t\tQuando voc\u00ea clica nos nossos links, eles podem lhe direcionar para fora do nosso site. N\u00e3o somos respons\u00e1veis pelas pr\u00e1ticas de privacidade de outros sites e lhe incentivamos a ler as declara\u00e7\u00f5es de privacidade deles.<\/h5>\n<h3>\n\t\t\tSe\u00e7\u00e3o 4 &#8211; Seguran\u00e7a<\/h3>\n<h5>\n\t\t\tPara proteger suas informa\u00e7\u00f5es pessoais, tomamos precau\u00e7\u00f5es razo\u00e1veis e seguimos as melhores pr\u00e1ticas da internet para nos certificar que elas n\u00e3o ser\u00e3o perdidas inadequadamente, usurpadas, acessadas, divulgadas, alteradas ou destru\u00eddas.<\/h5>\n<h3>\n\t\t\tSe\u00e7\u00e3o 5 &#8211; Permiss\u00f5es e cookies<\/h3>\n<h5>\n\t\t\tEste site pode utilizar cookies e\/ou web beacons quando um usu\u00e1rio tem acesso \u00e0s p\u00e1ginas. Os cookies que podem ser utilizados associam-se (se for o caso) unicamente com o navegador de um determinado computador.<br \/>\nOs cookies que s\u00e3o utilizados neste site podem ser instalados pelo mesmo, os quais s\u00e3o originados dos distintos servidores operados por este, ou a partir dos servidores de terceiros que prestam servi\u00e7os e instalam cookies e\/ou web beacons (por exemplo, os cookies que s\u00e3o empregados para prover servi\u00e7os de an\u00e1lises de dados). <br \/>\nUsu\u00e1rio tem a possibilidade de configurar seu navegador para ser avisado, na tela do computador, sobre a recep\u00e7\u00e3o dos cookies e para impedir a sua instala\u00e7\u00e3o no disco r\u00edgido. As informa\u00e7\u00f5es pertinentes a esta configura\u00e7\u00e3o est\u00e3o dispon\u00edveis em instru\u00e7\u00f5es e manuais do pr\u00f3prio navegador.<br \/>\n<\/h5>\n<h3>\n\t\t\tSe\u00e7\u00e3o 6 &#8211; Altera\u00e7\u00f5es para essa pol\u00edtica de privacidade<\/h3>\n<h5>\n\t\t\tReservamos o direito de modificar essa pol\u00edtica de privacidade a qualquer momento, ent\u00e3o por favor, revise-a com frequ\u00eancia. Altera\u00e7\u00f5es e esclarecimentos v\u00e3o surtir efeito imediatamente ap\u00f3s sua publica\u00e7\u00e3o no site. Se fizermos altera\u00e7\u00f5es de materiais para essa pol\u00edtica, iremos notific\u00e1-lo aqui que eles foram atualizados, para que voc\u00ea tenha ci\u00eancia sobre quais informa\u00e7\u00f5es coletamos, como as usamos, e sob que circunst\u00e2ncias, se alguma, usamos e\/ou divulgamos elas.<\/h5>\n<p>left<\/p>\n<p>no-repeat;left top;;<\/p>\n<p>auto<\/p>\n","protected":false},"excerpt":{"rendered":"<p>center Pol\u00edtica de Privacidade center no-repeat;left top;; auto Quando voc\u00ea nos envia um e-mail via contato poderemos coletar as informa\u00e7\u00f5es pessoais que voc\u00ea nos d\u00e1 nos<span class=\"excerpt-hellip\"> [\u2026]<\/span><\/p>\n","protected":false},"author":3,"featured_media":0,"parent":0,"menu_order":0,"comment_status":"closed","ping_status":"closed","template":"","meta":{"_acf_changed":false,"footnotes":""},"class_list":["post-4232","page","type-page","status-publish","hentry"],"acf":[],"yoast_head":"<!-- This site is optimized with the Yoast SEO plugin v26.7 - https:\/\/yoast.com\/wordpress\/plugins\/seo\/ -->\n<title>Pol\u00edtica de Privacidade | Morro de S\u00e3o Paulo | Bahia - Brasil<\/title>\n<meta name=\"description\" content=\"Quando voc\u00ea nos envia um e-mail via contato poderemos coletar as informa\u00e7\u00f5es pessoais que voc\u00ea nos d\u00e1 nos formul\u00e1rios tais como: nome, e-mail e endere\u00e7o.\" \/>\n<meta name=\"robots\" content=\"index, follow, max-snippet:-1, max-image-preview:large, max-video-preview:-1\" \/>\n<link rel=\"canonical\" href=\"https:\/\/morrodesaopaulo.com.br\/en\/privacy-policy\/\" \/>\n<meta property=\"og:locale\" content=\"en_US\" \/>\n<meta property=\"og:type\" content=\"article\" \/>\n<meta property=\"og:title\" content=\"Pol\u00edtica de Privacidade | Morro de S\u00e3o Paulo | Bahia - Brasil\" \/>\n<meta property=\"og:description\" content=\"Quando voc\u00ea nos envia um e-mail via contato poderemos coletar as informa\u00e7\u00f5es pessoais que voc\u00ea nos d\u00e1 nos formul\u00e1rios tais como: nome, e-mail e endere\u00e7o.\" \/>\n<meta property=\"og:url\" content=\"https:\/\/morrodesaopaulo.com.br\/en\/privacy-policy\/\" \/>\n<meta property=\"og:site_name\" content=\"Morro de S\u00e3o Paulo | O site mais completo sobre Morro de S\u00e3o Paulo\" \/>\n<meta property=\"article:publisher\" content=\"https:\/\/www.facebook.com\/morrodesaopaulocombr\/\" \/>\n<meta property=\"article:modified_time\" content=\"2020-04-02T16:32:37+00:00\" \/>\n<meta property=\"og:image\" content=\"https:\/\/morrodesaopaulo.com.br\/wp-content\/uploads\/2018\/12\/topo-termos-morro-sao-paulo.png\" \/>\n<meta name=\"twitter:card\" content=\"summary_large_image\" \/>\n<meta name=\"twitter:site\" content=\"@morrobahia\" \/>\n<meta name=\"twitter:label1\" content=\"Est. reading time\" \/>\n\t<meta name=\"twitter:data1\" content=\"2 minutes\" \/>\n<script type=\"application\/ld+json\" class=\"yoast-schema-graph\">{\"@context\":\"https:\/\/schema.org\",\"@graph\":[{\"@type\":\"WebPage\",\"@id\":\"https:\/\/morrodesaopaulo.com.br\/en\/privacy-policy\/\",\"url\":\"https:\/\/morrodesaopaulo.com.br\/en\/privacy-policy\/\",\"name\":\"Pol\u00edtica de Privacidade | Morro de S\u00e3o Paulo | Bahia - Brasil\",\"isPartOf\":{\"@id\":\"https:\/\/morrodesaopaulo.com.br\/#website\"},\"primaryImageOfPage\":{\"@id\":\"https:\/\/morrodesaopaulo.com.br\/en\/privacy-policy\/#primaryimage\"},\"image\":{\"@id\":\"https:\/\/morrodesaopaulo.com.br\/en\/privacy-policy\/#primaryimage\"},\"thumbnailUrl\":\"https:\/\/morrodesaopaulo.com.br\/wp-content\/uploads\/2018\/12\/topo-termos-morro-sao-paulo.png\",\"datePublished\":\"2018-12-27T20:45:52+00:00\",\"dateModified\":\"2020-04-02T16:32:37+00:00\",\"description\":\"Quando voc\u00ea nos envia um e-mail via contato poderemos coletar as informa\u00e7\u00f5es pessoais que voc\u00ea nos d\u00e1 nos formul\u00e1rios tais como: nome, e-mail e endere\u00e7o.\",\"breadcrumb\":{\"@id\":\"https:\/\/morrodesaopaulo.com.br\/en\/privacy-policy\/#breadcrumb\"},\"inLanguage\":\"en-US\",\"potentialAction\":[{\"@type\":\"ReadAction\",\"target\":[\"https:\/\/morrodesaopaulo.com.br\/en\/privacy-policy\/\"]}]},{\"@type\":\"ImageObject\",\"inLanguage\":\"en-US\",\"@id\":\"https:\/\/morrodesaopaulo.com.br\/en\/privacy-policy\/#primaryimage\",\"url\":\"https:\/\/morrodesaopaulo.com.br\/wp-content\/uploads\/2018\/12\/topo-termos-morro-sao-paulo.png\",\"contentUrl\":\"https:\/\/morrodesaopaulo.com.br\/wp-content\/uploads\/2018\/12\/topo-termos-morro-sao-paulo.png\"},{\"@type\":\"BreadcrumbList\",\"@id\":\"https:\/\/morrodesaopaulo.com.br\/en\/privacy-policy\/#breadcrumb\",\"itemListElement\":[{\"@type\":\"ListItem\",\"position\":1,\"name\":\"In\u00edcio\",\"item\":\"https:\/\/morrodesaopaulo.com.br\/en\/\"},{\"@type\":\"ListItem\",\"position\":2,\"name\":\"Privacy Policy\"}]},{\"@type\":\"WebSite\",\"@id\":\"https:\/\/morrodesaopaulo.com.br\/#website\",\"url\":\"https:\/\/morrodesaopaulo.com.br\/\",\"name\":\"Morro de S\u00e3o Paulo | O site mais completo sobre Morro de S\u00e3o Paulo\",\"description\":\"Um guia completo sobre Morro de S\u00e3o Paulo. Hot\u00e9is e Pousadas. Como Chegar. Passeios. Transfer. Ag\u00eancias Turismo. Casas para alugar. Restaurantes. Lojas\",\"publisher\":{\"@id\":\"https:\/\/morrodesaopaulo.com.br\/#organization\"},\"potentialAction\":[{\"@type\":\"SearchAction\",\"target\":{\"@type\":\"EntryPoint\",\"urlTemplate\":\"https:\/\/morrodesaopaulo.com.br\/?s={search_term_string}\"},\"query-input\":{\"@type\":\"PropertyValueSpecification\",\"valueRequired\":true,\"valueName\":\"search_term_string\"}}],\"inLanguage\":\"en-US\"},{\"@type\":\"Organization\",\"@id\":\"https:\/\/morrodesaopaulo.com.br\/#organization\",\"name\":\"morrodesaopaulo.com.br\",\"url\":\"https:\/\/morrodesaopaulo.com.br\/\",\"logo\":{\"@type\":\"ImageObject\",\"inLanguage\":\"en-US\",\"@id\":\"https:\/\/morrodesaopaulo.com.br\/#\/schema\/logo\/image\/\",\"url\":\"https:\/\/morrodesaopaulo.com.br\/wp-content\/uploads\/2018\/10\/logo4.jpg\",\"contentUrl\":\"https:\/\/morrodesaopaulo.com.br\/wp-content\/uploads\/2018\/10\/logo4.jpg\",\"width\":286,\"height\":86,\"caption\":\"morrodesaopaulo.com.br\"},\"image\":{\"@id\":\"https:\/\/morrodesaopaulo.com.br\/#\/schema\/logo\/image\/\"},\"sameAs\":[\"https:\/\/www.facebook.com\/morrodesaopaulocombr\/\",\"https:\/\/x.com\/morrobahia\",\"https:\/\/www.instagram.com\/morrodesaopauloba\/\",\"https:\/\/www.youtube.com\/watch?v=k0IEGlOvHVM\"]}]}<\/script>\n<!-- \/ Yoast SEO plugin. -->","yoast_head_json":{"title":"Pol\u00edtica de Privacidade | Morro de S\u00e3o Paulo | Bahia - Brasil","description":"Quando voc\u00ea nos envia um e-mail via contato poderemos coletar as informa\u00e7\u00f5es pessoais que voc\u00ea nos d\u00e1 nos formul\u00e1rios tais como: nome, e-mail e endere\u00e7o.","robots":{"index":"index","follow":"follow","max-snippet":"max-snippet:-1","max-image-preview":"max-image-preview:large","max-video-preview":"max-video-preview:-1"},"canonical":"https:\/\/morrodesaopaulo.com.br\/en\/privacy-policy\/","og_locale":"en_US","og_type":"article","og_title":"Pol\u00edtica de Privacidade | Morro de S\u00e3o Paulo | Bahia - Brasil","og_description":"Quando voc\u00ea nos envia um e-mail via contato poderemos coletar as informa\u00e7\u00f5es pessoais que voc\u00ea nos d\u00e1 nos formul\u00e1rios tais como: nome, e-mail e endere\u00e7o.","og_url":"https:\/\/morrodesaopaulo.com.br\/en\/privacy-policy\/","og_site_name":"Morro de S\u00e3o Paulo | O site mais completo sobre Morro de S\u00e3o Paulo","article_publisher":"https:\/\/www.facebook.com\/morrodesaopaulocombr\/","article_modified_time":"2020-04-02T16:32:37+00:00","og_image":[{"url":"https:\/\/morrodesaopaulo.com.br\/wp-content\/uploads\/2018\/12\/topo-termos-morro-sao-paulo.png","type":"","width":"","height":""}],"twitter_card":"summary_large_image","twitter_site":"@morrobahia","twitter_misc":{"Est. reading time":"2 minutes"},"schema":{"@context":"https:\/\/schema.org","@graph":[{"@type":"WebPage","@id":"https:\/\/morrodesaopaulo.com.br\/en\/privacy-policy\/","url":"https:\/\/morrodesaopaulo.com.br\/en\/privacy-policy\/","name":"Pol\u00edtica de Privacidade | Morro de S\u00e3o Paulo | Bahia - Brasil","isPartOf":{"@id":"https:\/\/morrodesaopaulo.com.br\/#website"},"primaryImageOfPage":{"@id":"https:\/\/morrodesaopaulo.com.br\/en\/privacy-policy\/#primaryimage"},"image":{"@id":"https:\/\/morrodesaopaulo.com.br\/en\/privacy-policy\/#primaryimage"},"thumbnailUrl":"https:\/\/morrodesaopaulo.com.br\/wp-content\/uploads\/2018\/12\/topo-termos-morro-sao-paulo.png","datePublished":"2018-12-27T20:45:52+00:00","dateModified":"2020-04-02T16:32:37+00:00","description":"Quando voc\u00ea nos envia um e-mail via contato poderemos coletar as informa\u00e7\u00f5es pessoais que voc\u00ea nos d\u00e1 nos formul\u00e1rios tais como: nome, e-mail e endere\u00e7o.","breadcrumb":{"@id":"https:\/\/morrodesaopaulo.com.br\/en\/privacy-policy\/#breadcrumb"},"inLanguage":"en-US","potentialAction":[{"@type":"ReadAction","target":["https:\/\/morrodesaopaulo.com.br\/en\/privacy-policy\/"]}]},{"@type":"ImageObject","inLanguage":"en-US","@id":"https:\/\/morrodesaopaulo.com.br\/en\/privacy-policy\/#primaryimage","url":"https:\/\/morrodesaopaulo.com.br\/wp-content\/uploads\/2018\/12\/topo-termos-morro-sao-paulo.png","contentUrl":"https:\/\/morrodesaopaulo.com.br\/wp-content\/uploads\/2018\/12\/topo-termos-morro-sao-paulo.png"},{"@type":"BreadcrumbList","@id":"https:\/\/morrodesaopaulo.com.br\/en\/privacy-policy\/#breadcrumb","itemListElement":[{"@type":"ListItem","position":1,"name":"In\u00edcio","item":"https:\/\/morrodesaopaulo.com.br\/en\/"},{"@type":"ListItem","position":2,"name":"Privacy Policy"}]},{"@type":"WebSite","@id":"https:\/\/morrodesaopaulo.com.br\/#website","url":"https:\/\/morrodesaopaulo.com.br\/","name":"Morro de S\u00e3o Paulo | O site mais completo sobre Morro de S\u00e3o Paulo","description":"Um guia completo sobre Morro de S\u00e3o Paulo. Hot\u00e9is e Pousadas. Como Chegar. Passeios. Transfer. Ag\u00eancias Turismo. Casas para alugar. Restaurantes. Lojas","publisher":{"@id":"https:\/\/morrodesaopaulo.com.br\/#organization"},"potentialAction":[{"@type":"SearchAction","target":{"@type":"EntryPoint","urlTemplate":"https:\/\/morrodesaopaulo.com.br\/?s={search_term_string}"},"query-input":{"@type":"PropertyValueSpecification","valueRequired":true,"valueName":"search_term_string"}}],"inLanguage":"en-US"},{"@type":"Organization","@id":"https:\/\/morrodesaopaulo.com.br\/#organization","name":"morrodesaopaulo.com.br","url":"https:\/\/morrodesaopaulo.com.br\/","logo":{"@type":"ImageObject","inLanguage":"en-US","@id":"https:\/\/morrodesaopaulo.com.br\/#\/schema\/logo\/image\/","url":"https:\/\/morrodesaopaulo.com.br\/wp-content\/uploads\/2018\/10\/logo4.jpg","contentUrl":"https:\/\/morrodesaopaulo.com.br\/wp-content\/uploads\/2018\/10\/logo4.jpg","width":286,"height":86,"caption":"morrodesaopaulo.com.br"},"image":{"@id":"https:\/\/morrodesaopaulo.com.br\/#\/schema\/logo\/image\/"},"sameAs":["https:\/\/www.facebook.com\/morrodesaopaulocombr\/","https:\/\/x.com\/morrobahia","https:\/\/www.instagram.com\/morrodesaopauloba\/","https:\/\/www.youtube.com\/watch?v=k0IEGlOvHVM"]}]}},"_links":{"self":[{"href":"https:\/\/morrodesaopaulo.com.br\/en\/wp-json\/wp\/v2\/pages\/4232","targetHints":{"allow":["GET"]}}],"collection":[{"href":"https:\/\/morrodesaopaulo.com.br\/en\/wp-json\/wp\/v2\/pages"}],"about":[{"href":"https:\/\/morrodesaopaulo.com.br\/en\/wp-json\/wp\/v2\/types\/page"}],"author":[{"embeddable":true,"href":"https:\/\/morrodesaopaulo.com.br\/en\/wp-json\/wp\/v2\/users\/3"}],"replies":[{"embeddable":true,"href":"https:\/\/morrodesaopaulo.com.br\/en\/wp-json\/wp\/v2\/comments?post=4232"}],"version-history":[{"count":0,"href":"https:\/\/morrodesaopaulo.com.br\/en\/wp-json\/wp\/v2\/pages\/4232\/revisions"}],"wp:attachment":[{"href":"https:\/\/morrodesaopaulo.com.br\/en\/wp-json\/wp\/v2\/media?parent=4232"}],"curies":[{"name":"wp","href":"https:\/\/api.w.org\/{rel}","templated":true}]}}